{"id":730,"date":"2018-07-26T10:40:07","date_gmt":"2018-07-26T13:40:07","guid":{"rendered":"https:\/\/artefarranz-caba.infd.edu.ar\/sitio\/?page_id=730"},"modified":"2023-11-08T19:54:08","modified_gmt":"2023-11-08T22:54:08","slug":"ingresantes","status":"publish","type":"page","link":"https:\/\/artefarranz-caba.infd.edu.ar\/sitio\/estudiantes\/ingresantes\/","title":{"rendered":"Ingresantes"},"content":{"rendered":"<h4>Requisitos de inscripci\u00f3n<\/h4>\n<div class=\"normal\"><span lang=\"ES-AR\">Los aspirantes al profesorado deber\u00e1n tener:<\/span><\/div>\n<div class=\"normal\"><span lang=\"ES-AR\">1-&nbsp;&nbsp;&nbsp;&nbsp;&nbsp;&nbsp;&nbsp;&nbsp;&nbsp;&nbsp;&nbsp;<\/span><span lang=\"ES-AR\">T\u00edtulo secundario completo y<\/span><\/div>\n<div class=\"normal\"><span lang=\"ES-AR\">2-&nbsp;&nbsp;&nbsp;&nbsp;&nbsp;&nbsp;&nbsp;&nbsp;&nbsp;&nbsp;&nbsp;<\/span><span lang=\"ES-AR\">T\u00edtulo de nivel medio art\u00edstico que acredite conocimientos de la especificidad cer\u00e1mica: Maestro Nacional de cer\u00e1mica o Bachillerato especializado en producci\u00f3n&nbsp; cer\u00e1mica o&nbsp; T\u00e9cnico&nbsp; ceramista&nbsp; o T\u00e9cnico en cer\u00e1mica art\u00edstica o acreditaci\u00f3n de saberes.<\/span><\/div>\n\n\n<p>Estimados Ingresantes:<br>Bienvenidos a la ESEA Fernando Arranz Nivel Terciario.<br>Aquellos aspirantes que no hicieron un trayecto proped\u00e9utico art\u00edstico en cer\u00e1mica, deber\u00e1n realizar la Acreditaci\u00f3n de saberes en los siguientes campos:<br>Molder\u00eda, Decoraci\u00f3n, Modelado, Alfarer\u00eda, Dibujo y An\u00e1lisis y comprensi\u00f3n de textos Para acceder a dicha Acreditaci\u00f3n, deber\u00e1n presentar la documentaci\u00f3n requerida en la planilla de inscripci\u00f3n.<br>El examen de Acreditaci\u00f3n ser\u00e1 presencial, m\u00e1s abajo est\u00e1n los requerimientos solicitados.<br>Cronograma de Acreditaci\u00f3n<br>ALFARER\u00cdA: LUNES 27\/11, JUEVES 30\/11 Y LUNES 4\/12 de 18:30 hs a 20:15 hs CLASES EN TORNO.<br>MODELADO: MARTES 5\/12 de 18:15 A a 20:00 hs<br>DECORACI\u00d3N: MARTES 5\/12 de 20:15 a 22:00 hs<br>TALLER DE TEXTO: MI\u00c9RCOLES 6\/12 de 18:15 a 20:15 hs<br>DIBUJO: JUEVES 7\/12 de 18:15 a 20:00 hs<br>MOLDER\u00cdA: JUEVES 7\/12 de 20:15 a 22:00 hs<br>Trabajos y actividades solicitados para el examen<br>Modelado:<br>El d\u00eda del examen traer: arcilla, herramientas para trabajar en clase, el objeto elegido para el trabajo de observaci\u00f3n y el modelado realizado en casa.<br>Se har\u00e1 una puesta en com\u00fan a partir del Video que se indica: https:\/\/drive.google.com\/file\/d\/1mjN7sYgtNT0FM3nHNCS0rvDVFfujfM_c\/view?usp=sharing<br>A) Trabajo de Observaci\u00f3n<\/p>\n\n\n\n<ol>\n<li>Elegir un objeto que los atraiga. (el mismo no debe ser de cer\u00e1mica)<\/li>\n\n\n\n<li>Iluminarlo con luz tenue. (puede ser con una l\u00e1mpara o linterna)<\/li>\n\n\n\n<li>Observarlo detenidamente durante, al menos, cinco minutos, desde todos sus \u00e1ngulos.<\/li>\n\n\n\n<li>Guardar el objeto.<\/li>\n\n\n\n<li>Recrear en la memoria todo lo observado, las relaciones de tama\u00f1o, texturas, planos.<\/li>\n\n\n\n<li>Modelar en arcilla una pieza u objeto, a partir del recuerdo que reconstruyeron en su memoria de las partes del objeto que eligieron. Pueden usar sus manos y cualquier otro elemento a modo de herramienta.<br>Nota: Es importante saber que es un ejercicio de creatividad, por lo tanto se hablar\u00e1 sobre el trabajo realizado y no en funci\u00f3n de la similitud del objeto.<br>B) Observaci\u00f3n y An\u00e1lisis de video<br>Ver el video del artista Piet Stockman \u201cSe cuidadoso hombre, porque no eres m\u00e1s que polvo, y en porcelana te convertir\u00e1s\u201d.<br>Decoraci\u00f3n:<br>El d\u00eda del examen traer los trabajos A, B y C, si los hubiera.<br>A) Ejercicio de textura<br>Sobre una plancha de arcilla de 15 x 15cm aproximadamente, generar texturas que representen sensaciones distintas.<br>B) Trabajo libre<br>Sobre una plancha de arcilla de 15 cm x 15 cm, realizar un trabajo libre interviniendo la superficie de la arcilla.<br>C) Trabajos anteriores<br>Presentaci\u00f3n de dos trabajos anteriores personales si los tuviera.<br>Alfarer\u00eda:<br>Presentar trabajos previos si los hubiera<br>Traer arcilla, esponja y trapo, para trabajar en el torno.<br>An\u00e1lisis y Comprensi\u00f3n de texto:<br>Leer antes de la fecha de acreditaci\u00f3n los textos de los siguientes links:<br>https:\/\/drive.google.com\/file\/d\/1-1KgIcCCeEdTh-yZIv_JeeJQPEWMOiJs\/view?usp=drive_link<br>https:\/\/drive.google.com\/file\/d\/1vMkoOCl9ACkyKmDhKu4pMX7xm6AIiqRN\/view?usp=sharing<br>Nota: Es importante concurrir con los textos le\u00eddos y tenerlos impresos o en formato digital el d\u00eda de la acreditaci\u00f3n, para poder trabajar la propuesta de los profesores.<br>Dibujo:<br>El d\u00eda del examen traer hojas y l\u00e1pices para dibujar en el momento.<br>Presentar los siguientes trabajos. A saber:<br>A) Trabajo de observaci\u00f3n<br>Realizar dos trabajos de observaci\u00f3n. Ubicar en el espacio, dos objetos de uso cotidiano (m\u00ednimo dos objetos). T\u00e9cnica libre. Tama\u00f1o m\u00ednimo A4.<br>B) Trabajo libre<br>Realizar dos dibujos de tem\u00e1tica libre. Tama\u00f1o m\u00ednimo A4.<br>C) Creaci\u00f3n personal<br>Realizar dos trabajos de creaci\u00f3n personal. T\u00e9cnica libre, tama\u00f1o m\u00ednimo A4.<br>D) Trabajos en color<br>Realizar dos trabajos en color. T\u00e9cnica libre. Tama\u00f1o m\u00ednimo A4.<br>E) Trabajos anteriores<br>Si tienen trabajos realizados previamente pueden traerlos (no m\u00e1s de 5).<br>Nota: Los trabajos deben ser originales y no copias de artistas o reproducciones comerciales. Ante cualquier duda escriban a este mail: coordinacioneseaterciario@gmail.com<\/li>\n<\/ol>\n","protected":false},"excerpt":{"rendered":"<p>Requisitos de inscripci\u00f3n Los aspirantes al profesorado deber\u00e1n tener: 1-&nbsp;&nbsp;&nbsp;&nbsp;&nbsp;&nbsp;&nbsp;&nbsp;&nbsp;&nbsp;&nbsp;T\u00edtulo secundario completo y 2-&nbsp;&nbsp;&nbsp;&nbsp;&nbsp;&nbsp;&nbsp;&nbsp;&nbsp;&nbsp;&nbsp;T\u00edtulo de nivel medio art\u00edstico que acredite conocimientos de la especificidad cer\u00e1mica: Maestro Nacional de cer\u00e1mica o Bachillerato especializado en producci\u00f3n&nbsp; cer\u00e1mica o&nbsp; T\u00e9cnico&nbsp; ceramista&nbsp; o T\u00e9cnico en cer\u00e1mica art\u00edstica o acreditaci\u00f3n de saberes. Estimados Ingresantes:Bienvenidos a la ESEA Fernando Arranz Nivel &#8230; <a title=\"Ingresantes\" class=\"read-more\" href=\"https:\/\/artefarranz-caba.infd.edu.ar\/sitio\/estudiantes\/ingresantes\/\" aria-label=\"More on Ingresantes\">[+]<\/a><\/p>\n","protected":false},"author":6,"featured_media":0,"parent":692,"menu_order":0,"comment_status":"closed","ping_status":"closed","template":"","meta":[],"acf":[],"_links":{"self":[{"href":"https:\/\/artefarranz-caba.infd.edu.ar\/sitio\/wp-json\/wp\/v2\/pages\/730"}],"collection":[{"href":"https:\/\/artefarranz-caba.infd.edu.ar\/sitio\/wp-json\/wp\/v2\/pages"}],"about":[{"href":"https:\/\/artefarranz-caba.infd.edu.ar\/sitio\/wp-json\/wp\/v2\/types\/page"}],"author":[{"embeddable":true,"href":"https:\/\/artefarranz-caba.infd.edu.ar\/sitio\/wp-json\/wp\/v2\/users\/6"}],"replies":[{"embeddable":true,"href":"https:\/\/artefarranz-caba.infd.edu.ar\/sitio\/wp-json\/wp\/v2\/comments?post=730"}],"version-history":[{"count":4,"href":"https:\/\/artefarranz-caba.infd.edu.ar\/sitio\/wp-json\/wp\/v2\/pages\/730\/revisions"}],"predecessor-version":[{"id":994,"href":"https:\/\/artefarranz-caba.infd.edu.ar\/sitio\/wp-json\/wp\/v2\/pages\/730\/revisions\/994"}],"up":[{"embeddable":true,"href":"https:\/\/artefarranz-caba.infd.edu.ar\/sitio\/wp-json\/wp\/v2\/pages\/692"}],"wp:attachment":[{"href":"https:\/\/artefarranz-caba.infd.edu.ar\/sitio\/wp-json\/wp\/v2\/media?parent=730"}],"curies":[{"name":"wp","href":"https:\/\/api.w.org\/{rel}","templated":true}]}}